{"id":1349,"date":"2022-03-23T14:38:20","date_gmt":"2022-03-23T14:38:20","guid":{"rendered":"https:\/\/lacuspide.es\/?post_type=product&#038;p=1349"},"modified":"2026-02-16T12:04:59","modified_gmt":"2026-02-16T12:04:59","slug":"mostrito","status":"publish","type":"product","link":"https:\/\/lacuspide.es\/en\/product\/mostrito\/","title":{"rendered":"Mostrito"},"content":{"rendered":"<p>El Mostrito es un plato t\u00edpico peruano que refleja la diversidad y riqueza de la gastronom\u00eda del pa\u00eds. Con una combinaci\u00f3n de sabores, texturas y t\u00e9cnicas culinarias, el Mostrito es una opci\u00f3n deliciosa y reconfortante que cautiva a los comensales.<\/p>\n<p>En su composici\u00f3n, el Mostrito presenta tres elementos fundamentales que se complementan a la perfecci\u00f3n: Arroz chaufa, patatas fritas y un cuarto de pollo a la brasa.<\/p>\n<p>El Arroz chaufa, influencia de la cocina china en Per\u00fa, es una deliciosa fusi\u00f3n entre arroz, vegetales, huevos y, a menudo, carne o mariscos, todo salteado con salsa de soja y otros condimentos. Esta mezcla de ingredientes crea un plato sabroso y arom\u00e1tico que se destaca por su sabor \u00fanico y su versatilidad.<\/p>\n<p>Las patatas fritas, crujientes por fuera y suaves por dentro, aportan un contraste textural al plato. Son el acompa\u00f1amiento perfecto para el arroz chaufa y el pollo a la brasa, a\u00f1adiendo un toque adicional de sabor y satisfacci\u00f3n.<\/p>\n<p>El cuarto de pollo a la brasa, una de las estrellas de la gastronom\u00eda peruana, se prepara con una mezcla de especias y hierbas arom\u00e1ticas, y se asa a la parrilla hasta obtener una piel crujiente y una carne jugosa y llena de sabor. El pollo a la brasa es una parte esencial del Mostrito, proporcionando prote\u00edna de alta calidad y un sabor inigualable que complementa perfectamente los otros elementos del plato.<\/p>\n<p>En conjunto, el Mostrito ofrece una experiencia culinaria completa que satisface tanto el paladar como el apetito. Es un plato que celebra la diversidad culinaria de Per\u00fa y que se ha convertido en un favorito tanto para locales como para visitantes, capturando la esencia misma de la cocina peruana: rica, variada y llena de sabor.<\/p>\n<div class=\"lacuspide-alergenos-loop\"><strong>Alergias:<\/strong> \ud83c\udf3e Gluten \u00b7 \ud83e\udd5a Huevos \u00b7 \ud83e\uded8 Soja<\/div>","protected":false},"excerpt":{"rendered":"<p>Chaufa rice, french fries and 1\/4 grilled chicken.<\/p>\n<div class=\"lacuspide-alergenos-loop\"><strong>Alergias:<\/strong> \ud83c\udf3e Gluten \u00b7 \ud83e\udd5a Huevos \u00b7 \ud83e\uded8 Soja<\/div>","protected":false},"featured_media":5897,"template":"","meta":{"_acf_changed":false},"product_brand":[],"product_cat":[56],"product_tag":[],"class_list":{"0":"post-1349","1":"product","2":"type-product","3":"status-publish","4":"has-post-thumbnail","6":"product_cat-pollo-a-la-brasa","8":"first","9":"instock","10":"shipping-taxable","11":"purchasable","12":"product-type-simple"},"acf":[],"yoast_head":"<!-- This site is optimized with the Yoast SEO plugin v27.0 - https:\/\/yoast.com\/product\/yoast-seo-wordpress\/ -->\n<title>Mostrito - La Cuspide<\/title>\n<meta name=\"description\" content=\"MOSTRITO de Chifa Salvaje,\u2b50\ufe0f compuesto por Arroz chaufa, patatas fritas y un cuarto de pollo a la brasa. Un plato para los m\u00e1s exigentes. \u2b50\ufe0f\" \/>\n<meta name=\"robots\" content=\"index, follow, max-snippet:-1, max-image-preview:large, max-video-preview:-1\" \/>\n<link rel=\"canonical\" href=\"https:\/\/lacuspide.es\/en\/product\/mostrito\/\" \/>\n<meta property=\"og:locale\" content=\"en_US\" \/>\n<meta property=\"og:type\" content=\"article\" \/>\n<meta property=\"og:title\" content=\"Mostrito - La Cuspide\" \/>\n<meta property=\"og:description\" content=\"MOSTRITO de Chifa Salvaje,\u2b50\ufe0f compuesto por Arroz chaufa, patatas fritas y un cuarto de pollo a la brasa. Un plato para los m\u00e1s exigentes. \u2b50\ufe0f\" \/>\n<meta property=\"og:url\" content=\"https:\/\/lacuspide.es\/en\/product\/mostrito\/\" \/>\n<meta property=\"og:site_name\" content=\"La Cuspide\" \/>\n<meta property=\"article:publisher\" content=\"https:\/\/m.facebook.com\/restaurantelacuspidemostoles\" \/>\n<meta property=\"article:modified_time\" content=\"2026-02-16T12:04:59+00:00\" \/>\n<meta property=\"og:image\" content=\"https:\/\/lacuspide.es\/wp-content\/uploads\/2022\/03\/Quotes-Daily-Facebook-Post-29.png\" \/>\n\t<meta property=\"og:image:width\" content=\"940\" \/>\n\t<meta property=\"og:image:height\" content=\"788\" \/>\n\t<meta property=\"og:image:type\" content=\"image\/png\" \/>\n<meta name=\"twitter:card\" content=\"summary_large_image\" \/>\n<meta name=\"twitter:label1\" content=\"Est. reading time\" \/>\n\t<meta name=\"twitter:data1\" content=\"2 minutes\" \/>\n<script type=\"application\/ld+json\" class=\"yoast-schema-graph\">{\"@context\":\"https:\/\/schema.org\",\"@graph\":[{\"@type\":\"WebPage\",\"@id\":\"https:\/\/lacuspide.es\/producto\/mostrito\/\",\"url\":\"https:\/\/lacuspide.es\/producto\/mostrito\/\",\"name\":\"Mostrito - La Cuspide\",\"isPartOf\":{\"@id\":\"https:\/\/lacuspide.es\/#website\"},\"primaryImageOfPage\":{\"@id\":\"https:\/\/lacuspide.es\/producto\/mostrito\/#primaryimage\"},\"image\":{\"@id\":\"https:\/\/lacuspide.es\/producto\/mostrito\/#primaryimage\"},\"thumbnailUrl\":\"https:\/\/lacuspide.es\/wp-content\/uploads\/2022\/03\/Quotes-Daily-Facebook-Post-29.png\",\"datePublished\":\"2022-03-23T14:38:20+00:00\",\"dateModified\":\"2026-02-16T12:04:59+00:00\",\"description\":\"MOSTRITO de Chifa Salvaje,\u2b50\ufe0f compuesto por Arroz chaufa, patatas fritas y un cuarto de pollo a la brasa. Un plato para los m\u00e1s exigentes. \u2b50\ufe0f\",\"breadcrumb\":{\"@id\":\"https:\/\/lacuspide.es\/producto\/mostrito\/#breadcrumb\"},\"inLanguage\":\"en-US\",\"potentialAction\":[{\"@type\":\"ReadAction\",\"target\":[\"https:\/\/lacuspide.es\/producto\/mostrito\/\"]}]},{\"@type\":\"ImageObject\",\"inLanguage\":\"en-US\",\"@id\":\"https:\/\/lacuspide.es\/producto\/mostrito\/#primaryimage\",\"url\":\"https:\/\/lacuspide.es\/wp-content\/uploads\/2022\/03\/Quotes-Daily-Facebook-Post-29.png\",\"contentUrl\":\"https:\/\/lacuspide.es\/wp-content\/uploads\/2022\/03\/Quotes-Daily-Facebook-Post-29.png\",\"width\":940,\"height\":788,\"caption\":\"Mostrito\"},{\"@type\":\"BreadcrumbList\",\"@id\":\"https:\/\/lacuspide.es\/producto\/mostrito\/#breadcrumb\",\"itemListElement\":[{\"@type\":\"ListItem\",\"position\":1,\"name\":\"Portada\",\"item\":\"https:\/\/lacuspide.es\/\"},{\"@type\":\"ListItem\",\"position\":2,\"name\":\"Products\",\"item\":\"https:\/\/lacuspide.es\/en\/shop\/\"},{\"@type\":\"ListItem\",\"position\":3,\"name\":\"Mostrito\"}]},{\"@type\":\"WebSite\",\"@id\":\"https:\/\/lacuspide.es\/#website\",\"url\":\"https:\/\/lacuspide.es\/\",\"name\":\"La C\u00faspide\",\"description\":\"Restaurante Peruano\",\"publisher\":{\"@id\":\"https:\/\/lacuspide.es\/#organization\"},\"potentialAction\":[{\"@type\":\"SearchAction\",\"target\":{\"@type\":\"EntryPoint\",\"urlTemplate\":\"https:\/\/lacuspide.es\/?s={search_term_string}\"},\"query-input\":{\"@type\":\"PropertyValueSpecification\",\"valueRequired\":true,\"valueName\":\"search_term_string\"}}],\"inLanguage\":\"en-US\"},{\"@type\":\"Organization\",\"@id\":\"https:\/\/lacuspide.es\/#organization\",\"name\":\"La C\u00faspide\",\"url\":\"https:\/\/lacuspide.es\/\",\"logo\":{\"@type\":\"ImageObject\",\"inLanguage\":\"en-US\",\"@id\":\"https:\/\/lacuspide.es\/#\/schema\/logo\/image\/\",\"url\":\"https:\/\/lacuspide.es\/wp-content\/uploads\/2021\/04\/Logotipo-cuspide.png\",\"contentUrl\":\"https:\/\/lacuspide.es\/wp-content\/uploads\/2021\/04\/Logotipo-cuspide.png\",\"width\":2518,\"height\":1207,\"caption\":\"La C\u00faspide\"},\"image\":{\"@id\":\"https:\/\/lacuspide.es\/#\/schema\/logo\/image\/\"},\"sameAs\":[\"https:\/\/m.facebook.com\/restaurantelacuspidemostoles\"]}]}<\/script>\n<!-- \/ Yoast SEO plugin. -->","yoast_head_json":{"title":"Mostrito - La Cuspide","description":"MOSTRITO de Chifa Salvaje,\u2b50\ufe0f compuesto por Arroz chaufa, patatas fritas y un cuarto de pollo a la brasa. Un plato para los m\u00e1s exigentes. \u2b50\ufe0f","robots":{"index":"index","follow":"follow","max-snippet":"max-snippet:-1","max-image-preview":"max-image-preview:large","max-video-preview":"max-video-preview:-1"},"canonical":"https:\/\/lacuspide.es\/en\/product\/mostrito\/","og_locale":"en_US","og_type":"article","og_title":"Mostrito - La Cuspide","og_description":"MOSTRITO de Chifa Salvaje,\u2b50\ufe0f compuesto por Arroz chaufa, patatas fritas y un cuarto de pollo a la brasa. Un plato para los m\u00e1s exigentes. \u2b50\ufe0f","og_url":"https:\/\/lacuspide.es\/en\/product\/mostrito\/","og_site_name":"La Cuspide","article_publisher":"https:\/\/m.facebook.com\/restaurantelacuspidemostoles","article_modified_time":"2026-02-16T12:04:59+00:00","og_image":[{"width":940,"height":788,"url":"https:\/\/lacuspide.es\/wp-content\/uploads\/2022\/03\/Quotes-Daily-Facebook-Post-29.png","type":"image\/png"}],"twitter_card":"summary_large_image","twitter_misc":{"Est. reading time":"2 minutes"},"schema":{"@context":"https:\/\/schema.org","@graph":[{"@type":"WebPage","@id":"https:\/\/lacuspide.es\/producto\/mostrito\/","url":"https:\/\/lacuspide.es\/producto\/mostrito\/","name":"Mostrito - La Cuspide","isPartOf":{"@id":"https:\/\/lacuspide.es\/#website"},"primaryImageOfPage":{"@id":"https:\/\/lacuspide.es\/producto\/mostrito\/#primaryimage"},"image":{"@id":"https:\/\/lacuspide.es\/producto\/mostrito\/#primaryimage"},"thumbnailUrl":"https:\/\/lacuspide.es\/wp-content\/uploads\/2022\/03\/Quotes-Daily-Facebook-Post-29.png","datePublished":"2022-03-23T14:38:20+00:00","dateModified":"2026-02-16T12:04:59+00:00","description":"MOSTRITO de Chifa Salvaje,\u2b50\ufe0f compuesto por Arroz chaufa, patatas fritas y un cuarto de pollo a la brasa. Un plato para los m\u00e1s exigentes. \u2b50\ufe0f","breadcrumb":{"@id":"https:\/\/lacuspide.es\/producto\/mostrito\/#breadcrumb"},"inLanguage":"en-US","potentialAction":[{"@type":"ReadAction","target":["https:\/\/lacuspide.es\/producto\/mostrito\/"]}]},{"@type":"ImageObject","inLanguage":"en-US","@id":"https:\/\/lacuspide.es\/producto\/mostrito\/#primaryimage","url":"https:\/\/lacuspide.es\/wp-content\/uploads\/2022\/03\/Quotes-Daily-Facebook-Post-29.png","contentUrl":"https:\/\/lacuspide.es\/wp-content\/uploads\/2022\/03\/Quotes-Daily-Facebook-Post-29.png","width":940,"height":788,"caption":"Mostrito"},{"@type":"BreadcrumbList","@id":"https:\/\/lacuspide.es\/producto\/mostrito\/#breadcrumb","itemListElement":[{"@type":"ListItem","position":1,"name":"Portada","item":"https:\/\/lacuspide.es\/"},{"@type":"ListItem","position":2,"name":"Products","item":"https:\/\/lacuspide.es\/en\/shop\/"},{"@type":"ListItem","position":3,"name":"Mostrito"}]},{"@type":"WebSite","@id":"https:\/\/lacuspide.es\/#website","url":"https:\/\/lacuspide.es\/","name":"La C\u00faspide","description":"Restaurante Peruano","publisher":{"@id":"https:\/\/lacuspide.es\/#organization"},"potentialAction":[{"@type":"SearchAction","target":{"@type":"EntryPoint","urlTemplate":"https:\/\/lacuspide.es\/?s={search_term_string}"},"query-input":{"@type":"PropertyValueSpecification","valueRequired":true,"valueName":"search_term_string"}}],"inLanguage":"en-US"},{"@type":"Organization","@id":"https:\/\/lacuspide.es\/#organization","name":"La C\u00faspide","url":"https:\/\/lacuspide.es\/","logo":{"@type":"ImageObject","inLanguage":"en-US","@id":"https:\/\/lacuspide.es\/#\/schema\/logo\/image\/","url":"https:\/\/lacuspide.es\/wp-content\/uploads\/2021\/04\/Logotipo-cuspide.png","contentUrl":"https:\/\/lacuspide.es\/wp-content\/uploads\/2021\/04\/Logotipo-cuspide.png","width":2518,"height":1207,"caption":"La C\u00faspide"},"image":{"@id":"https:\/\/lacuspide.es\/#\/schema\/logo\/image\/"},"sameAs":["https:\/\/m.facebook.com\/restaurantelacuspidemostoles"]}]}},"_links":{"self":[{"href":"https:\/\/lacuspide.es\/en\/wp-json\/wp\/v2\/product\/1349","targetHints":{"allow":["GET"]}}],"collection":[{"href":"https:\/\/lacuspide.es\/en\/wp-json\/wp\/v2\/product"}],"about":[{"href":"https:\/\/lacuspide.es\/en\/wp-json\/wp\/v2\/types\/product"}],"wp:featuredmedia":[{"embeddable":true,"href":"https:\/\/lacuspide.es\/en\/wp-json\/wp\/v2\/media\/5897"}],"wp:attachment":[{"href":"https:\/\/lacuspide.es\/en\/wp-json\/wp\/v2\/media?parent=1349"}],"wp:term":[{"taxonomy":"product_brand","embeddable":true,"href":"https:\/\/lacuspide.es\/en\/wp-json\/wp\/v2\/product_brand?post=1349"},{"taxonomy":"product_cat","embeddable":true,"href":"https:\/\/lacuspide.es\/en\/wp-json\/wp\/v2\/product_cat?post=1349"},{"taxonomy":"product_tag","embeddable":true,"href":"https:\/\/lacuspide.es\/en\/wp-json\/wp\/v2\/product_tag?post=1349"}],"curies":[{"name":"wp","href":"https:\/\/api.w.org\/{rel}","templated":true}]}}