{"id":1336,"date":"2022-03-23T14:38:20","date_gmt":"2022-03-23T14:38:20","guid":{"rendered":"https:\/\/lacuspide.es\/?post_type=product&#038;p=1336"},"modified":"2026-02-16T11:49:32","modified_gmt":"2026-02-16T11:49:32","slug":"aji-de-gallina","status":"publish","type":"product","link":"https:\/\/lacuspide.es\/en\/product\/aji-de-gallina\/","title":{"rendered":"Chicken aj\u00ed"},"content":{"rendered":"<p>Aj\u00ed de Gallina es uno de los platos m\u00e1s emblem\u00e1ticos y deliciosos de la gastronom\u00eda peruana. Esta receta combina la suavidad del pollo con la intensidad del aj\u00ed amarillo y las especias peruanas, creando una experiencia culinaria inolvidable. Las tiras de pollo se sumergen en una exquisita salsa de aj\u00ed amarillo, que resalta con notas de picante y sabor \u00fanico.<\/p>\n<p>Para preparar este manjar, se comienza cocinando las tiras de pollo en una salsa preparada con aj\u00ed amarillo, cebolla, ajo, y una selecci\u00f3n de especias peruanas cuidadosamente elegidas para realzar el sabor. La salsa se cocina a fuego lento, permitiendo que los sabores se mezclen y se intensifiquen, creando un aroma irresistible que llena la cocina.<\/p>\n<p>Mientras tanto, se cocina el arroz blanco con precisi\u00f3n, asegurando que cada grano est\u00e9 perfectamente cocido y listo para acompa\u00f1ar el plato principal. Las patatas se cocinan hasta que est\u00e9n tiernas y listas para complementar la explosi\u00f3n de sabores que ofrece el Aj\u00ed de Gallina.<\/p>\n<p>Una vez que todo est\u00e1 preparado, se sirve el Aj\u00ed de Gallina sobre una cama de arroz blanco, adornado con las tiernas patatas cocidas. Cada bocado es una experiencia sensorial, donde se fusionan los sabores picantes, cremosos y llenos de aroma que caracterizan a esta deliciosa creaci\u00f3n peruana.<\/p>\n<p>Ya sea en una celebraci\u00f3n especial o en una comida familiar, el Aj\u00ed de Gallina con tiras de pollo en salsa de aj\u00ed amarillo es un plato que nunca decepciona. Es una verdadera joya de la cocina peruana que deleita los paladares y deja una impresi\u00f3n duradera en quienes tienen el placer de probarlo.<\/p>\n<div class=\"lacuspide-alergenos-loop\"><strong>Alergias:<\/strong> \ud83c\udf3e Gluten \u00b7 \ud83e\udd5b L\u00e1cteos \u00b7 \ud83e\udd5a Huevos \u00b7 \ud83e\uddea Sulfitos<\/div>","protected":false},"excerpt":{"rendered":"<p>Chicken strips in a yellow aj\u00ed sauce and Peruvian spices, served with white rice and boiled potato.<\/p>\n<div class=\"lacuspide-alergenos-loop\"><strong>Alergias:<\/strong> \ud83c\udf3e Gluten \u00b7 \ud83e\udd5b L\u00e1cteos \u00b7 \ud83e\udd5a Huevos \u00b7 \ud83e\uddea Sulfitos<\/div>","protected":false},"featured_media":14904,"template":"","meta":{"_acf_changed":false},"product_brand":[],"product_cat":[48],"product_tag":[],"class_list":{"0":"post-1336","1":"product","2":"type-product","3":"status-publish","4":"has-post-thumbnail","6":"product_cat-platos-criollos","8":"first","9":"instock","10":"shipping-taxable","11":"purchasable","12":"product-type-simple"},"acf":[],"yoast_head":"<!-- This site is optimized with the Yoast SEO plugin v27.0 - https:\/\/yoast.com\/product\/yoast-seo-wordpress\/ -->\n<title>Aj\u00ed de gallina - La Cuspide<\/title>\n<meta name=\"description\" content=\"Aj\u00ed de Gallina, es uno de los platos m\u00e1s emblem\u00e1ticos y deliciosos de la gastronom\u00eda peruana. En La C\u00faspide te lo ofrecemos con todo su sabor.\" \/>\n<meta name=\"robots\" content=\"index, follow, max-snippet:-1, max-image-preview:large, max-video-preview:-1\" \/>\n<link rel=\"canonical\" href=\"https:\/\/lacuspide.es\/en\/product\/aji-de-gallina\/\" \/>\n<meta property=\"og:locale\" content=\"en_US\" \/>\n<meta property=\"og:type\" content=\"article\" \/>\n<meta property=\"og:title\" content=\"Aj\u00ed de gallina - La Cuspide\" \/>\n<meta property=\"og:description\" content=\"Aj\u00ed de Gallina, es uno de los platos m\u00e1s emblem\u00e1ticos y deliciosos de la gastronom\u00eda peruana. En La C\u00faspide te lo ofrecemos con todo su sabor.\" \/>\n<meta property=\"og:url\" content=\"https:\/\/lacuspide.es\/en\/product\/aji-de-gallina\/\" \/>\n<meta property=\"og:site_name\" content=\"La Cuspide\" \/>\n<meta property=\"article:publisher\" content=\"https:\/\/m.facebook.com\/restaurantelacuspidemostoles\" \/>\n<meta property=\"article:modified_time\" content=\"2026-02-16T11:49:32+00:00\" \/>\n<meta property=\"og:image\" content=\"https:\/\/lacuspide.es\/wp-content\/uploads\/2025\/05\/cuspide-_MG_0084-1-e1746695544806.jpg\" \/>\n\t<meta property=\"og:image:width\" content=\"1080\" \/>\n\t<meta property=\"og:image:height\" content=\"1472\" \/>\n\t<meta property=\"og:image:type\" content=\"image\/jpeg\" \/>\n<meta name=\"twitter:card\" content=\"summary_large_image\" \/>\n<meta name=\"twitter:label1\" content=\"Est. reading time\" \/>\n\t<meta name=\"twitter:data1\" content=\"2 minutes\" \/>\n<script type=\"application\/ld+json\" class=\"yoast-schema-graph\">{\"@context\":\"https:\/\/schema.org\",\"@graph\":[{\"@type\":\"WebPage\",\"@id\":\"https:\/\/lacuspide.es\/producto\/aji-de-gallina\/\",\"url\":\"https:\/\/lacuspide.es\/producto\/aji-de-gallina\/\",\"name\":\"Aj\u00ed de gallina - La Cuspide\",\"isPartOf\":{\"@id\":\"https:\/\/lacuspide.es\/#website\"},\"primaryImageOfPage\":{\"@id\":\"https:\/\/lacuspide.es\/producto\/aji-de-gallina\/#primaryimage\"},\"image\":{\"@id\":\"https:\/\/lacuspide.es\/producto\/aji-de-gallina\/#primaryimage\"},\"thumbnailUrl\":\"https:\/\/lacuspide.es\/wp-content\/uploads\/2025\/05\/cuspide-_MG_0084-1-e1746695544806.jpg\",\"datePublished\":\"2022-03-23T14:38:20+00:00\",\"dateModified\":\"2026-02-16T11:49:32+00:00\",\"description\":\"Aj\u00ed de Gallina, es uno de los platos m\u00e1s emblem\u00e1ticos y deliciosos de la gastronom\u00eda peruana. En La C\u00faspide te lo ofrecemos con todo su sabor.\",\"breadcrumb\":{\"@id\":\"https:\/\/lacuspide.es\/producto\/aji-de-gallina\/#breadcrumb\"},\"inLanguage\":\"en-US\",\"potentialAction\":[{\"@type\":\"ReadAction\",\"target\":[\"https:\/\/lacuspide.es\/producto\/aji-de-gallina\/\"]}]},{\"@type\":\"ImageObject\",\"inLanguage\":\"en-US\",\"@id\":\"https:\/\/lacuspide.es\/producto\/aji-de-gallina\/#primaryimage\",\"url\":\"https:\/\/lacuspide.es\/wp-content\/uploads\/2025\/05\/cuspide-_MG_0084-1-e1746695544806.jpg\",\"contentUrl\":\"https:\/\/lacuspide.es\/wp-content\/uploads\/2025\/05\/cuspide-_MG_0084-1-e1746695544806.jpg\",\"width\":1080,\"height\":1472},{\"@type\":\"BreadcrumbList\",\"@id\":\"https:\/\/lacuspide.es\/producto\/aji-de-gallina\/#breadcrumb\",\"itemListElement\":[{\"@type\":\"ListItem\",\"position\":1,\"name\":\"Portada\",\"item\":\"https:\/\/lacuspide.es\/\"},{\"@type\":\"ListItem\",\"position\":2,\"name\":\"Products\",\"item\":\"https:\/\/lacuspide.es\/en\/shop\/\"},{\"@type\":\"ListItem\",\"position\":3,\"name\":\"Aj\u00ed de gallina\"}]},{\"@type\":\"WebSite\",\"@id\":\"https:\/\/lacuspide.es\/#website\",\"url\":\"https:\/\/lacuspide.es\/\",\"name\":\"La C\u00faspide\",\"description\":\"Restaurante Peruano\",\"publisher\":{\"@id\":\"https:\/\/lacuspide.es\/#organization\"},\"potentialAction\":[{\"@type\":\"SearchAction\",\"target\":{\"@type\":\"EntryPoint\",\"urlTemplate\":\"https:\/\/lacuspide.es\/?s={search_term_string}\"},\"query-input\":{\"@type\":\"PropertyValueSpecification\",\"valueRequired\":true,\"valueName\":\"search_term_string\"}}],\"inLanguage\":\"en-US\"},{\"@type\":\"Organization\",\"@id\":\"https:\/\/lacuspide.es\/#organization\",\"name\":\"La C\u00faspide\",\"url\":\"https:\/\/lacuspide.es\/\",\"logo\":{\"@type\":\"ImageObject\",\"inLanguage\":\"en-US\",\"@id\":\"https:\/\/lacuspide.es\/#\/schema\/logo\/image\/\",\"url\":\"https:\/\/lacuspide.es\/wp-content\/uploads\/2021\/04\/Logotipo-cuspide.png\",\"contentUrl\":\"https:\/\/lacuspide.es\/wp-content\/uploads\/2021\/04\/Logotipo-cuspide.png\",\"width\":2518,\"height\":1207,\"caption\":\"La C\u00faspide\"},\"image\":{\"@id\":\"https:\/\/lacuspide.es\/#\/schema\/logo\/image\/\"},\"sameAs\":[\"https:\/\/m.facebook.com\/restaurantelacuspidemostoles\"]}]}<\/script>\n<!-- \/ Yoast SEO plugin. -->","yoast_head_json":{"title":"Aj\u00ed de gallina - La Cuspide","description":"Aj\u00ed de Gallina, es uno de los platos m\u00e1s emblem\u00e1ticos y deliciosos de la gastronom\u00eda peruana. En La C\u00faspide te lo ofrecemos con todo su sabor.","robots":{"index":"index","follow":"follow","max-snippet":"max-snippet:-1","max-image-preview":"max-image-preview:large","max-video-preview":"max-video-preview:-1"},"canonical":"https:\/\/lacuspide.es\/en\/product\/aji-de-gallina\/","og_locale":"en_US","og_type":"article","og_title":"Aj\u00ed de gallina - La Cuspide","og_description":"Aj\u00ed de Gallina, es uno de los platos m\u00e1s emblem\u00e1ticos y deliciosos de la gastronom\u00eda peruana. En La C\u00faspide te lo ofrecemos con todo su sabor.","og_url":"https:\/\/lacuspide.es\/en\/product\/aji-de-gallina\/","og_site_name":"La Cuspide","article_publisher":"https:\/\/m.facebook.com\/restaurantelacuspidemostoles","article_modified_time":"2026-02-16T11:49:32+00:00","og_image":[{"width":1080,"height":1472,"url":"https:\/\/lacuspide.es\/wp-content\/uploads\/2025\/05\/cuspide-_MG_0084-1-e1746695544806.jpg","type":"image\/jpeg"}],"twitter_card":"summary_large_image","twitter_misc":{"Est. reading time":"2 minutes"},"schema":{"@context":"https:\/\/schema.org","@graph":[{"@type":"WebPage","@id":"https:\/\/lacuspide.es\/producto\/aji-de-gallina\/","url":"https:\/\/lacuspide.es\/producto\/aji-de-gallina\/","name":"Aj\u00ed de gallina - La Cuspide","isPartOf":{"@id":"https:\/\/lacuspide.es\/#website"},"primaryImageOfPage":{"@id":"https:\/\/lacuspide.es\/producto\/aji-de-gallina\/#primaryimage"},"image":{"@id":"https:\/\/lacuspide.es\/producto\/aji-de-gallina\/#primaryimage"},"thumbnailUrl":"https:\/\/lacuspide.es\/wp-content\/uploads\/2025\/05\/cuspide-_MG_0084-1-e1746695544806.jpg","datePublished":"2022-03-23T14:38:20+00:00","dateModified":"2026-02-16T11:49:32+00:00","description":"Aj\u00ed de Gallina, es uno de los platos m\u00e1s emblem\u00e1ticos y deliciosos de la gastronom\u00eda peruana. En La C\u00faspide te lo ofrecemos con todo su sabor.","breadcrumb":{"@id":"https:\/\/lacuspide.es\/producto\/aji-de-gallina\/#breadcrumb"},"inLanguage":"en-US","potentialAction":[{"@type":"ReadAction","target":["https:\/\/lacuspide.es\/producto\/aji-de-gallina\/"]}]},{"@type":"ImageObject","inLanguage":"en-US","@id":"https:\/\/lacuspide.es\/producto\/aji-de-gallina\/#primaryimage","url":"https:\/\/lacuspide.es\/wp-content\/uploads\/2025\/05\/cuspide-_MG_0084-1-e1746695544806.jpg","contentUrl":"https:\/\/lacuspide.es\/wp-content\/uploads\/2025\/05\/cuspide-_MG_0084-1-e1746695544806.jpg","width":1080,"height":1472},{"@type":"BreadcrumbList","@id":"https:\/\/lacuspide.es\/producto\/aji-de-gallina\/#breadcrumb","itemListElement":[{"@type":"ListItem","position":1,"name":"Portada","item":"https:\/\/lacuspide.es\/"},{"@type":"ListItem","position":2,"name":"Products","item":"https:\/\/lacuspide.es\/en\/shop\/"},{"@type":"ListItem","position":3,"name":"Aj\u00ed de gallina"}]},{"@type":"WebSite","@id":"https:\/\/lacuspide.es\/#website","url":"https:\/\/lacuspide.es\/","name":"La C\u00faspide","description":"Restaurante Peruano","publisher":{"@id":"https:\/\/lacuspide.es\/#organization"},"potentialAction":[{"@type":"SearchAction","target":{"@type":"EntryPoint","urlTemplate":"https:\/\/lacuspide.es\/?s={search_term_string}"},"query-input":{"@type":"PropertyValueSpecification","valueRequired":true,"valueName":"search_term_string"}}],"inLanguage":"en-US"},{"@type":"Organization","@id":"https:\/\/lacuspide.es\/#organization","name":"La C\u00faspide","url":"https:\/\/lacuspide.es\/","logo":{"@type":"ImageObject","inLanguage":"en-US","@id":"https:\/\/lacuspide.es\/#\/schema\/logo\/image\/","url":"https:\/\/lacuspide.es\/wp-content\/uploads\/2021\/04\/Logotipo-cuspide.png","contentUrl":"https:\/\/lacuspide.es\/wp-content\/uploads\/2021\/04\/Logotipo-cuspide.png","width":2518,"height":1207,"caption":"La C\u00faspide"},"image":{"@id":"https:\/\/lacuspide.es\/#\/schema\/logo\/image\/"},"sameAs":["https:\/\/m.facebook.com\/restaurantelacuspidemostoles"]}]}},"_links":{"self":[{"href":"https:\/\/lacuspide.es\/en\/wp-json\/wp\/v2\/product\/1336","targetHints":{"allow":["GET"]}}],"collection":[{"href":"https:\/\/lacuspide.es\/en\/wp-json\/wp\/v2\/product"}],"about":[{"href":"https:\/\/lacuspide.es\/en\/wp-json\/wp\/v2\/types\/product"}],"wp:featuredmedia":[{"embeddable":true,"href":"https:\/\/lacuspide.es\/en\/wp-json\/wp\/v2\/media\/14904"}],"wp:attachment":[{"href":"https:\/\/lacuspide.es\/en\/wp-json\/wp\/v2\/media?parent=1336"}],"wp:term":[{"taxonomy":"product_brand","embeddable":true,"href":"https:\/\/lacuspide.es\/en\/wp-json\/wp\/v2\/product_brand?post=1336"},{"taxonomy":"product_cat","embeddable":true,"href":"https:\/\/lacuspide.es\/en\/wp-json\/wp\/v2\/product_cat?post=1336"},{"taxonomy":"product_tag","embeddable":true,"href":"https:\/\/lacuspide.es\/en\/wp-json\/wp\/v2\/product_tag?post=1336"}],"curies":[{"name":"wp","href":"https:\/\/api.w.org\/{rel}","templated":true}]}}