{"id":624,"date":"2021-05-06T09:17:43","date_gmt":"2021-05-06T09:17:43","guid":{"rendered":"https:\/\/bslthemes.site\/tastyc\/?page_id=624"},"modified":"2026-01-28T11:05:11","modified_gmt":"2026-01-28T11:05:11","slug":"restaurantes-2","status":"publish","type":"page","link":"https:\/\/lacuspide.es\/en\/restaurantes-2\/","title":{"rendered":"Restaurants"},"content":{"rendered":"<div data-elementor-type=\"wp-page\" data-elementor-id=\"624\" class=\"elementor elementor-624\">\n\t\t\t\t\t\t<section class=\"elementor-section elementor-top-section elementor-element elementor-element-022cbc0 elementor-section-full_width elementor-section-stretched elementor-section-height-default elementor-section-height-default\" data-id=\"022cbc0\" data-element_type=\"section\" data-e-type=\"section\" data-settings=\"{&quot;stretch_section&quot;:&quot;section-stretched&quot;}\">\n\t\t\t\t\t\t<div class=\"elementor-container elementor-column-gap-no\">\n\t\t\t\t\t<div class=\"elementor-column elementor-col-100 elementor-top-column elementor-element elementor-element-c880e8f\" data-id=\"c880e8f\" data-element_type=\"column\" data-e-type=\"column\">\n\t\t\t<div class=\"elementor-widget-wrap elementor-element-populated\">\n\t\t\t\t\t\t<div class=\"elementor-element elementor-element-4e096b0 elementor-widget elementor-widget-tastyc-services\" data-id=\"4e096b0\" data-element_type=\"widget\" data-e-type=\"widget\" data-widget_type=\"tastyc-services.default\">\n\t\t\t\t<div class=\"elementor-widget-container\">\n\t\t\t\t\t\n\t\t<!-- container -->\n\t\t<div class=\"container\">\n\n\t\t<div class=\"row\">\n\t\t            <div class=\"col-lg-12\">\n\n            <!-- title -->\n            <div class=\"text-center\">\n                            <div class=\"tst-suptitle tst-suptitle-center tst-mb-15\">\n              \t<span >\n\t\t          \tContact\t\t        <\/span>\n              <\/div>\n                                          <h3 class=\"tst-title--h tst-mb-30\">\n              \t<span >\n\t\t          \tRestaurantes La C\u00faspide\n\t\t        <\/span>\n              <\/h3>\n                                          <p class=\"tst-text tst-title--desc tst-mb-60\">\n              \t<span >\n\t\t          \tD\u00f3nde encontrarnos\t\t        <\/span>\n              <\/p>\n                          <\/div>\n            <!-- title end -->\n\n          <\/div>\n          \n          \n        <\/div>\n\n        <div class=\"tst-spacer tst-spacer-only-bottom-space\"><\/div>\n\n\t\t<\/div>\n\t\t<!-- container end -->\n\n\t\t\t\t\t\t<\/div>\n\t\t\t\t<\/div>\n\t\t\t\t\t<\/div>\n\t\t<\/div>\n\t\t\t\t\t<\/div>\n\t\t<\/section>\n\t\t\t\t<section class=\"elementor-section elementor-top-section elementor-element elementor-element-329f2fe elementor-section-boxed elementor-section-height-default elementor-section-height-default\" data-id=\"329f2fe\" data-element_type=\"section\" data-e-type=\"section\">\n\t\t\t\t\t\t<div class=\"elementor-container elementor-column-gap-default\">\n\t\t\t\t\t<div class=\"elementor-column elementor-col-25 elementor-top-column elementor-element elementor-element-6a6212a\" data-id=\"6a6212a\" data-element_type=\"column\" data-e-type=\"column\">\n\t\t\t<div class=\"elementor-widget-wrap elementor-element-populated\">\n\t\t\t\t\t\t<div class=\"elementor-element elementor-element-c11b361 elementor-view-default elementor-position-block-start elementor-mobile-position-block-start elementor-widget elementor-widget-icon-box\" data-id=\"c11b361\" data-element_type=\"widget\" data-e-type=\"widget\" data-widget_type=\"icon-box.default\">\n\t\t\t\t<div class=\"elementor-widget-container\">\n\t\t\t\t\t\t\t<div class=\"elementor-icon-box-wrapper\">\n\n\t\t\t\t\t\t<div class=\"elementor-icon-box-icon\">\n\t\t\t\t<span  class=\"elementor-icon\">\n\t\t\t\t<i aria-hidden=\"true\" class=\"fab fa-periscope\"><\/i>\t\t\t\t<\/span>\n\t\t\t<\/div>\n\t\t\t\n\t\t\t\t\t\t<div class=\"elementor-icon-box-content\">\n\n\t\t\t\t\t\t\t\t\t<h3 class=\"elementor-icon-box-title\">\n\t\t\t\t\t\t<span  >\n\t\t\t\t\t\t\tPinto\t\t\t\t\t\t<\/span>\n\t\t\t\t\t<\/h3>\n\t\t\t\t\n\t\t\t\t\n\t\t\t<\/div>\n\t\t\t\n\t\t<\/div>\n\t\t\t\t\t\t<\/div>\n\t\t\t\t<\/div>\n\t\t\t\t<div class=\"elementor-element elementor-element-3715d9b elementor-widget elementor-widget-text-editor\" data-id=\"3715d9b\" data-element_type=\"widget\" data-e-type=\"widget\" data-widget_type=\"text-editor.default\">\n\t\t\t\t<div class=\"elementor-widget-container\">\n\t\t\t\t\t\t\t\t\t<p><strong>ADDRESS:<\/strong> Calle Urogallos, 16,<br \/>28320 Pinto, Madrid<\/p><p><strong>PHONE:<\/strong> 919 35 32 73<br \/><strong>SCHEDULE:<\/strong><\/p><ul><li>Lunes a Viernes: 7:00h a 23:00h<\/li><li>S\u00e1bado: 9:00h a 00:00h<\/li><li>Domingo: 9:00h a 23:00h<\/li><\/ul>\t\t\t\t\t\t\t\t<\/div>\n\t\t\t\t<\/div>\n\t\t\t\t\t<\/div>\n\t\t<\/div>\n\t\t\t\t<div class=\"elementor-column elementor-col-25 elementor-top-column elementor-element elementor-element-08c7a24\" data-id=\"08c7a24\" data-element_type=\"column\" data-e-type=\"column\">\n\t\t\t<div class=\"elementor-widget-wrap elementor-element-populated\">\n\t\t\t\t\t\t<div class=\"elementor-element elementor-element-c9c9697 elementor-view-default elementor-position-block-start elementor-mobile-position-block-start elementor-widget elementor-widget-icon-box\" data-id=\"c9c9697\" data-element_type=\"widget\" data-e-type=\"widget\" data-widget_type=\"icon-box.default\">\n\t\t\t\t<div class=\"elementor-widget-container\">\n\t\t\t\t\t\t\t<div class=\"elementor-icon-box-wrapper\">\n\n\t\t\t\t\t\t<div class=\"elementor-icon-box-icon\">\n\t\t\t\t<span  class=\"elementor-icon\">\n\t\t\t\t<i aria-hidden=\"true\" class=\"fab fa-periscope\"><\/i>\t\t\t\t<\/span>\n\t\t\t<\/div>\n\t\t\t\n\t\t\t\t\t\t<div class=\"elementor-icon-box-content\">\n\n\t\t\t\t\t\t\t\t\t<h3 class=\"elementor-icon-box-title\">\n\t\t\t\t\t\t<span  >\n\t\t\t\t\t\t\tValdemoro\t\t\t\t\t\t<\/span>\n\t\t\t\t\t<\/h3>\n\t\t\t\t\n\t\t\t\t\n\t\t\t<\/div>\n\t\t\t\n\t\t<\/div>\n\t\t\t\t\t\t<\/div>\n\t\t\t\t<\/div>\n\t\t\t\t<div class=\"elementor-element elementor-element-64787c1 elementor-widget elementor-widget-text-editor\" data-id=\"64787c1\" data-element_type=\"widget\" data-e-type=\"widget\" data-widget_type=\"text-editor.default\">\n\t\t\t\t<div class=\"elementor-widget-container\">\n\t\t\t\t\t\t\t\t\t<p><strong>ADDRESS:<\/strong>: Calle Jamaica, 4, 28341 Valdemoro, Madrid<br \/><strong>PHONE:<\/strong>: 910 74 87 63<\/p><p><strong>SCHEDULE:<\/strong><\/p><ul><li>Lunes a Viernes: 12:00h a 23:00h<\/li><li>S\u00e1bado: 9:00h a 00:00<\/li><li>Domingo: 9:00h a 23:00h<\/li><\/ul>\t\t\t\t\t\t\t\t<\/div>\n\t\t\t\t<\/div>\n\t\t\t\t\t<\/div>\n\t\t<\/div>\n\t\t\t\t<div class=\"elementor-column elementor-col-25 elementor-top-column elementor-element elementor-element-7f1742c\" data-id=\"7f1742c\" data-element_type=\"column\" data-e-type=\"column\">\n\t\t\t<div class=\"elementor-widget-wrap elementor-element-populated\">\n\t\t\t\t\t\t<div class=\"elementor-element elementor-element-e9f522e elementor-view-default elementor-position-block-start elementor-mobile-position-block-start elementor-widget elementor-widget-icon-box\" data-id=\"e9f522e\" data-element_type=\"widget\" data-e-type=\"widget\" data-widget_type=\"icon-box.default\">\n\t\t\t\t<div class=\"elementor-widget-container\">\n\t\t\t\t\t\t\t<div class=\"elementor-icon-box-wrapper\">\n\n\t\t\t\t\t\t<div class=\"elementor-icon-box-icon\">\n\t\t\t\t<span  class=\"elementor-icon\">\n\t\t\t\t<i aria-hidden=\"true\" class=\"fab fa-periscope\"><\/i>\t\t\t\t<\/span>\n\t\t\t<\/div>\n\t\t\t\n\t\t\t\t\t\t<div class=\"elementor-icon-box-content\">\n\n\t\t\t\t\t\t\t\t\t<h3 class=\"elementor-icon-box-title\">\n\t\t\t\t\t\t<span  >\n\t\t\t\t\t\t\tM\u00f3stoles\t\t\t\t\t\t<\/span>\n\t\t\t\t\t<\/h3>\n\t\t\t\t\n\t\t\t\t\n\t\t\t<\/div>\n\t\t\t\n\t\t<\/div>\n\t\t\t\t\t\t<\/div>\n\t\t\t\t<\/div>\n\t\t\t\t<div class=\"elementor-element elementor-element-a533532 elementor-widget elementor-widget-text-editor\" data-id=\"a533532\" data-element_type=\"widget\" data-e-type=\"widget\" data-widget_type=\"text-editor.default\">\n\t\t\t\t<div class=\"elementor-widget-container\">\n\t\t\t\t\t\t\t\t\t<p><strong>ADDRESS:<\/strong>: Calle de Montecarlo, 5, 28936 M\u00f3stoles, Madrid<br \/><strong>PHONE:<\/strong>: 910 46 66 53<\/p><p><strong>SCHEDULE:<\/strong><\/p><ul><li>Lunes a Jueves: 12:30h a 17:00h y de 19:30h a 23:00h<\/li><li>Viernes:12:30h a 23:00h<\/li><li>S\u00e1bado: 12:00h a 00:00h<\/li><li>Domingo: 12:00h a 23:00h<\/li><\/ul>\t\t\t\t\t\t\t\t<\/div>\n\t\t\t\t<\/div>\n\t\t\t\t\t<\/div>\n\t\t<\/div>\n\t\t\t\t<div class=\"elementor-column elementor-col-25 elementor-top-column elementor-element elementor-element-74e5535\" data-id=\"74e5535\" data-element_type=\"column\" data-e-type=\"column\">\n\t\t\t<div class=\"elementor-widget-wrap elementor-element-populated\">\n\t\t\t\t\t\t<div class=\"elementor-element elementor-element-4a72255 elementor-view-default elementor-position-block-start elementor-mobile-position-block-start elementor-widget elementor-widget-icon-box\" data-id=\"4a72255\" data-element_type=\"widget\" data-e-type=\"widget\" data-widget_type=\"icon-box.default\">\n\t\t\t\t<div class=\"elementor-widget-container\">\n\t\t\t\t\t\t\t<div class=\"elementor-icon-box-wrapper\">\n\n\t\t\t\t\t\t<div class=\"elementor-icon-box-icon\">\n\t\t\t\t<span  class=\"elementor-icon\">\n\t\t\t\t<i aria-hidden=\"true\" class=\"fab fa-periscope\"><\/i>\t\t\t\t<\/span>\n\t\t\t<\/div>\n\t\t\t\n\t\t\t\t\t\t<div class=\"elementor-icon-box-content\">\n\n\t\t\t\t\t\t\t\t\t<h3 class=\"elementor-icon-box-title\">\n\t\t\t\t\t\t<span  >\n\t\t\t\t\t\t\tParla\t\t\t\t\t\t<\/span>\n\t\t\t\t\t<\/h3>\n\t\t\t\t\n\t\t\t\t\n\t\t\t<\/div>\n\t\t\t\n\t\t<\/div>\n\t\t\t\t\t\t<\/div>\n\t\t\t\t<\/div>\n\t\t\t\t<div class=\"elementor-element elementor-element-116f238 elementor-widget elementor-widget-text-editor\" data-id=\"116f238\" data-element_type=\"widget\" data-e-type=\"widget\" data-widget_type=\"text-editor.default\">\n\t\t\t\t<div class=\"elementor-widget-container\">\n\t\t\t\t\t\t\t\t\t<p><strong>ADDRESS: <\/strong>Calle Pinto N\u00ba79, 28981, Parla (Madrid)<br \/><strong>PHONE: <\/strong><\/p><ul><li>914 411 984<\/li><li>683 112 636<\/li><\/ul><p><strong>SCHEDULE:<\/strong><\/p><ul><li>Lunes cerrado <\/li><li>Martes a jueves 13:00 a 23:00<\/li><li>Viernes 13:00 a 00:00<\/li><li>S\u00e1bado 9:00 a 00:00<\/li><li>Domingo 9:00 a 23:00<\/li><\/ul>\t\t\t\t\t\t\t\t<\/div>\n\t\t\t\t<\/div>\n\t\t\t\t\t<\/div>\n\t\t<\/div>\n\t\t\t\t\t<\/div>\n\t\t<\/section>\n\t\t\t\t<\/div>","protected":false},"excerpt":{"rendered":"<p>Contacto Restaurantes La C\u00faspide D\u00f3nde encontrarnos Pinto DIRECCI\u00d3N: Calle Urogallos, 16,28320 Pinto, Madrid TEL\u00c9FONO: 919 35 32 73HORARIO: Lunes a&#8230; <span class=\"tst-el-more\"><a href=\"https:\/\/lacuspide.es\/en\/restaurantes-2\/\" class=\"tst-label tst-color tst-anima-link\">Read more<\/a><\/span><\/p>","protected":false},"author":1,"featured_media":0,"parent":0,"menu_order":0,"comment_status":"closed","ping_status":"closed","template":"template-layout-builder.php","meta":{"_acf_changed":false,"footnotes":""},"class_list":["post-624","page","type-page","status-publish","hentry"],"acf":[],"yoast_head":"<!-- This site is optimized with the Yoast SEO plugin v27.0 - https:\/\/yoast.com\/product\/yoast-seo-wordpress\/ -->\n<title>Restaurantes - La Cuspide<\/title>\n<meta name=\"robots\" content=\"index, follow, max-snippet:-1, max-image-preview:large, max-video-preview:-1\" \/>\n<link rel=\"canonical\" href=\"https:\/\/lacuspide.es\/en\/restaurantes-2\/\" \/>\n<meta property=\"og:locale\" content=\"en_US\" \/>\n<meta property=\"og:type\" content=\"article\" \/>\n<meta property=\"og:title\" content=\"Restaurantes - La Cuspide\" \/>\n<meta property=\"og:description\" content=\"Contacto Restaurantes La C\u00faspide D\u00f3nde encontrarnos Pinto DIRECCI\u00d3N: Calle Urogallos, 16,28320 Pinto, Madrid TEL\u00c9FONO: 919 35 32 73HORARIO: Lunes a... Read more\" \/>\n<meta property=\"og:url\" content=\"https:\/\/lacuspide.es\/en\/restaurantes-2\/\" \/>\n<meta property=\"og:site_name\" content=\"La Cuspide\" \/>\n<meta property=\"article:publisher\" content=\"https:\/\/m.facebook.com\/restaurantelacuspidemostoles\" \/>\n<meta property=\"article:modified_time\" content=\"2026-01-28T11:05:11+00:00\" \/>\n<meta name=\"twitter:card\" content=\"summary_large_image\" \/>\n<meta name=\"twitter:label1\" content=\"Est. reading time\" \/>\n\t<meta name=\"twitter:data1\" content=\"1 minute\" \/>\n<script type=\"application\/ld+json\" class=\"yoast-schema-graph\">{\"@context\":\"https:\/\/schema.org\",\"@graph\":[{\"@type\":\"WebPage\",\"@id\":\"https:\/\/lacuspide.es\/restaurantes-2\/\",\"url\":\"https:\/\/lacuspide.es\/restaurantes-2\/\",\"name\":\"Restaurantes - La Cuspide\",\"isPartOf\":{\"@id\":\"https:\/\/lacuspide.es\/#website\"},\"datePublished\":\"2021-05-06T09:17:43+00:00\",\"dateModified\":\"2026-01-28T11:05:11+00:00\",\"breadcrumb\":{\"@id\":\"https:\/\/lacuspide.es\/restaurantes-2\/#breadcrumb\"},\"inLanguage\":\"en-US\",\"potentialAction\":[{\"@type\":\"ReadAction\",\"target\":[\"https:\/\/lacuspide.es\/restaurantes-2\/\"]}]},{\"@type\":\"BreadcrumbList\",\"@id\":\"https:\/\/lacuspide.es\/restaurantes-2\/#breadcrumb\",\"itemListElement\":[{\"@type\":\"ListItem\",\"position\":1,\"name\":\"Portada\",\"item\":\"https:\/\/lacuspide.es\/\"},{\"@type\":\"ListItem\",\"position\":2,\"name\":\"Restaurantes\"}]},{\"@type\":\"WebSite\",\"@id\":\"https:\/\/lacuspide.es\/#website\",\"url\":\"https:\/\/lacuspide.es\/\",\"name\":\"La C\u00faspide\",\"description\":\"Restaurante Peruano\",\"publisher\":{\"@id\":\"https:\/\/lacuspide.es\/#organization\"},\"potentialAction\":[{\"@type\":\"SearchAction\",\"target\":{\"@type\":\"EntryPoint\",\"urlTemplate\":\"https:\/\/lacuspide.es\/?s={search_term_string}\"},\"query-input\":{\"@type\":\"PropertyValueSpecification\",\"valueRequired\":true,\"valueName\":\"search_term_string\"}}],\"inLanguage\":\"en-US\"},{\"@type\":\"Organization\",\"@id\":\"https:\/\/lacuspide.es\/#organization\",\"name\":\"La C\u00faspide\",\"url\":\"https:\/\/lacuspide.es\/\",\"logo\":{\"@type\":\"ImageObject\",\"inLanguage\":\"en-US\",\"@id\":\"https:\/\/lacuspide.es\/#\/schema\/logo\/image\/\",\"url\":\"https:\/\/lacuspide.es\/wp-content\/uploads\/2021\/04\/Logotipo-cuspide.png\",\"contentUrl\":\"https:\/\/lacuspide.es\/wp-content\/uploads\/2021\/04\/Logotipo-cuspide.png\",\"width\":2518,\"height\":1207,\"caption\":\"La C\u00faspide\"},\"image\":{\"@id\":\"https:\/\/lacuspide.es\/#\/schema\/logo\/image\/\"},\"sameAs\":[\"https:\/\/m.facebook.com\/restaurantelacuspidemostoles\"]}]}<\/script>\n<!-- \/ Yoast SEO plugin. -->","yoast_head_json":{"title":"Restaurantes - La Cuspide","robots":{"index":"index","follow":"follow","max-snippet":"max-snippet:-1","max-image-preview":"max-image-preview:large","max-video-preview":"max-video-preview:-1"},"canonical":"https:\/\/lacuspide.es\/en\/restaurantes-2\/","og_locale":"en_US","og_type":"article","og_title":"Restaurantes - La Cuspide","og_description":"Contacto Restaurantes La C\u00faspide D\u00f3nde encontrarnos Pinto DIRECCI\u00d3N: Calle Urogallos, 16,28320 Pinto, Madrid TEL\u00c9FONO: 919 35 32 73HORARIO: Lunes a... Read more","og_url":"https:\/\/lacuspide.es\/en\/restaurantes-2\/","og_site_name":"La Cuspide","article_publisher":"https:\/\/m.facebook.com\/restaurantelacuspidemostoles","article_modified_time":"2026-01-28T11:05:11+00:00","twitter_card":"summary_large_image","twitter_misc":{"Est. reading time":"1 minute"},"schema":{"@context":"https:\/\/schema.org","@graph":[{"@type":"WebPage","@id":"https:\/\/lacuspide.es\/restaurantes-2\/","url":"https:\/\/lacuspide.es\/restaurantes-2\/","name":"Restaurantes - La Cuspide","isPartOf":{"@id":"https:\/\/lacuspide.es\/#website"},"datePublished":"2021-05-06T09:17:43+00:00","dateModified":"2026-01-28T11:05:11+00:00","breadcrumb":{"@id":"https:\/\/lacuspide.es\/restaurantes-2\/#breadcrumb"},"inLanguage":"en-US","potentialAction":[{"@type":"ReadAction","target":["https:\/\/lacuspide.es\/restaurantes-2\/"]}]},{"@type":"BreadcrumbList","@id":"https:\/\/lacuspide.es\/restaurantes-2\/#breadcrumb","itemListElement":[{"@type":"ListItem","position":1,"name":"Portada","item":"https:\/\/lacuspide.es\/"},{"@type":"ListItem","position":2,"name":"Restaurantes"}]},{"@type":"WebSite","@id":"https:\/\/lacuspide.es\/#website","url":"https:\/\/lacuspide.es\/","name":"La C\u00faspide","description":"Restaurante Peruano","publisher":{"@id":"https:\/\/lacuspide.es\/#organization"},"potentialAction":[{"@type":"SearchAction","target":{"@type":"EntryPoint","urlTemplate":"https:\/\/lacuspide.es\/?s={search_term_string}"},"query-input":{"@type":"PropertyValueSpecification","valueRequired":true,"valueName":"search_term_string"}}],"inLanguage":"en-US"},{"@type":"Organization","@id":"https:\/\/lacuspide.es\/#organization","name":"La C\u00faspide","url":"https:\/\/lacuspide.es\/","logo":{"@type":"ImageObject","inLanguage":"en-US","@id":"https:\/\/lacuspide.es\/#\/schema\/logo\/image\/","url":"https:\/\/lacuspide.es\/wp-content\/uploads\/2021\/04\/Logotipo-cuspide.png","contentUrl":"https:\/\/lacuspide.es\/wp-content\/uploads\/2021\/04\/Logotipo-cuspide.png","width":2518,"height":1207,"caption":"La C\u00faspide"},"image":{"@id":"https:\/\/lacuspide.es\/#\/schema\/logo\/image\/"},"sameAs":["https:\/\/m.facebook.com\/restaurantelacuspidemostoles"]}]}},"_links":{"self":[{"href":"https:\/\/lacuspide.es\/en\/wp-json\/wp\/v2\/pages\/624","targetHints":{"allow":["GET"]}}],"collection":[{"href":"https:\/\/lacuspide.es\/en\/wp-json\/wp\/v2\/pages"}],"about":[{"href":"https:\/\/lacuspide.es\/en\/wp-json\/wp\/v2\/types\/page"}],"author":[{"embeddable":true,"href":"https:\/\/lacuspide.es\/en\/wp-json\/wp\/v2\/users\/1"}],"replies":[{"embeddable":true,"href":"https:\/\/lacuspide.es\/en\/wp-json\/wp\/v2\/comments?post=624"}],"version-history":[{"count":54,"href":"https:\/\/lacuspide.es\/en\/wp-json\/wp\/v2\/pages\/624\/revisions"}],"predecessor-version":[{"id":18647,"href":"https:\/\/lacuspide.es\/en\/wp-json\/wp\/v2\/pages\/624\/revisions\/18647"}],"wp:attachment":[{"href":"https:\/\/lacuspide.es\/en\/wp-json\/wp\/v2\/media?parent=624"}],"curies":[{"name":"wp","href":"https:\/\/api.w.org\/{rel}","templated":true}]}}