{"id":4797,"date":"2022-04-12T08:04:54","date_gmt":"2022-04-12T08:04:54","guid":{"rendered":"https:\/\/lacuspide.es\/aviso-legal-y-politica-de-privacidad\/"},"modified":"2023-02-08T15:19:00","modified_gmt":"2023-02-08T15:19:00","slug":"aviso-legal-y-politica-de-privacidad","status":"publish","type":"page","link":"https:\/\/lacuspide.es\/en\/aviso-legal-y-politica-de-privacidad\/","title":{"rendered":"Aviso Legal y Pol\u00edtica de Privacidad"},"content":{"rendered":"<p><strong>DATOS IDENTIFICATIVOS<\/strong><\/p>\n\n\n\n<p>In compliance with the duty of information included in article 10 of Law 34\/2002, of July 11, on Services of the Information Society and Electronic Commerce, the following information is indicated: The person who owns the web domain lacuspide. es is owned by EITHZOSI.S.L, hereinafter La C\u00faspide, with address at C\/ Del Peralejo,15 \u2013 28340 Valdemoro (Madrid) and N.I.F. number: B88617873.<br>Correo electr\u00f3nico de contacto: restaurantelacuspide@gmail.com<\/p>\n\n\n\n<p><strong>USUARIOS<\/strong><\/p>\n\n\n\n<p>El acceso y\/o uso de esta p\u00e1gina web atribuye la condici\u00f3n de Usuario, que acepta los t\u00e9rminos y condiciones generales de uso para poder utilizar todos los servicios e informaci\u00f3n que se facilitan desde la p\u00e1gina. Dichas condiciones se exponen a continuaci\u00f3n:<\/p>\n\n\n\n<p><strong>T\u00c9RMINOS Y CONDICIONES<\/strong><\/p>\n\n\n\n<p>Las presentes condiciones de uso de la p\u00e1gina web, regulan los t\u00e9rminos de acceso y uso. El mero acceso o utilizaci\u00f3n de la p\u00e1gina, de todos o parte de sus contenidos y servicios, significa la plena aceptaci\u00f3n de las presentes condiciones de uso. La puesta a disposici\u00f3n y el uso de la p\u00e1gina se entiende sometida al estricto cumplimiento de los t\u00e9rminos recogidos en las presentes condiciones de uso. No obstante, el acceso y la utilizaci\u00f3n de ciertos contenidos y\/o servicios pueden encontrarse sometidos a determinadas condiciones espec\u00edficas.<\/p>\n\n\n\n<p>La C\u00faspide se reserva la facultad de modificar en cualquier momento las condiciones generales de uso de la p\u00e1gina web. En todo caso, se recomienda que consulte peri\u00f3dicamente las presentes condiciones generales de uso, ya que pueden ser modificadas.<\/p>\n\n\n\n<p><strong>OBLIGACIONES DEL USUARIO<\/strong><\/p>\n\n\n\n<p>El usuario deber\u00e1 respetar en todo momento los t\u00e9rminos y condiciones establecidos en el presente aviso legal. De forma expresa el usuario manifiesta que utilizar\u00e1 la web: lacuspide.es de forma diligente y asumiendo cualquier responsabilidad que pudiera derivarse del incumplimiento de las normas.<br>El usuario se obliga, en aquellos casos que se le soliciten datos o informaci\u00f3n, a no falsear su identidad haci\u00e9ndose pasar por cualquier otra persona. El usuario acepta que la utilizaci\u00f3n de la p\u00e1gina ser\u00e1 efectuada con fines estrictamente personales, privados y particulares. El usuario no podr\u00e1 utilizar el portal para actividades contrarias a la Ley, la moral y el orden p\u00fablico, as\u00ed como para finalidades prohibidas o que vulneren o lesionen derechos de terceros. Asimismo, queda prohibida la difusi\u00f3n, almacenamiento y\/o gesti\u00f3n de datos o contenidos que infrinjan derechos de terceros o cualesquiera normativas reguladoras de derechos de propiedad intelectual o industrial.<\/p>\n\n\n\n<p>El usuario no podr\u00e1 utilizar el portal para transmitir, almacenar, divulgar promover o distribuir datos o contenidos que sean portadores de virus o cualquier otro c\u00f3digo inform\u00e1tico, archivos o programas dise\u00f1ados para interrumpir, destruir o perjudicar el funcionamiento de cualquier programa o equipo inform\u00e1tico o de telecomunicaciones.<\/p>\n\n\n\n<p>El usuario se obliga a indemnizar y a mantener indemnes al portal por cualquier da\u00f1o, perjuicio, sanci\u00f3n, multa, pena o indemnizaci\u00f3n que tenga que hacer frente esta p\u00e1gina web.<\/p>\n\n\n\n<p><strong>PROTECCI\u00d3N DE DATOS<\/strong><\/p>\n\n\n\n<p>En cumplimiento de lo dispuesto en la Ley Org\u00e1nica 15\/1999, de 13 de Diciembre, de Protecci\u00f3n de Datos de Car\u00e1cter Personal (LOPD) se informa al usuario que todos los datos que nos proporcione ser\u00e1n incorporados a un fichero, creado y mantenido bajo la responsabilidad de La C\u00faspide, la cual manifiesta que es titular de ficheros con datos de car\u00e1cter personal debidamente inscritos en el Registro General de la Agencia Espa\u00f1ola de Protecci\u00f3n de Datos y que, en virtud de lo establecido en la LOPD, manifiesta que ha obtenido dichos datos de forma legal y cumpliendo las disposiciones establecidas en la normativa de protecci\u00f3n de datos de car\u00e1cter personal.<\/p>\n\n\n\n<p>El encargado del tratamiento \u00fanica y exclusivamente acceder\u00e1 y tratar\u00e1 los datos contenidos en los ficheros conforme a las instrucciones del responsable y \u00fanicamente los utilizar\u00e1 o aplicar\u00e1 para realizar, por cuenta del responsable, los servicios espec\u00edficamente contratados.<\/p>\n\n\n\n<p><strong>PROPIEDAD INTELECTUAL E INDUSTRIAL<\/strong><\/p>\n\n\n\n<p>La C\u00faspide es titular de todos los derechos de propiedad intelectual e industrial de su p\u00e1gina web, as\u00ed como de los elementos contenidos en la misma. Todos los derechos est\u00e1n reservados.<\/p>\n\n\n\n<p>En virtud de lo dispuesto en los art\u00edculos 8 y 32.1, p\u00e1rrafo segundo, de la Ley de Propiedad Intelectual, quedan expresamente prohibidas la reproducci\u00f3n, la distribuci\u00f3n y la comunicaci\u00f3n p\u00fablica, incluida su modalidad de puesta a disposici\u00f3n, de la totalidad o parte de los contenidos de esta p\u00e1gina web, con fines comerciales, en cualquier soporte y por cualquier medio t\u00e9cnico, sin la autorizaci\u00f3n de La C\u00faspide.<\/p>\n\n\n\n<p><strong>RESPONSABILIDAD<\/strong><\/p>\n\n\n\n<p>Esta p\u00e1gina no garantiza la disponibilidad continua y permanente de los servicios, quedando de este modo exonerado de cualquier responsabilidad por posibles da\u00f1os y perjuicios causados como consecuencia de la falta de disponibilidad del servicio por motivos de fuerza mayor o errores en las redes telem\u00e1ticas de transferencia de datos, ajenos a su voluntad, o por desconexiones realizadas por trabajos de mejora o mantenimiento de los equipos y sistemas inform\u00e1ticos. La C\u00faspide no ser\u00e1 responsable por la interrupci\u00f3n, suspensi\u00f3n o finalizaci\u00f3n de la informaci\u00f3n o servicios. As\u00ed mismo, no se responsabiliza de las posibles omisiones, p\u00e9rdidas de informaci\u00f3n, datos, configuraciones, accesos indebidos o vulneraci\u00f3n de la confidencialidad que tengan origen en problemas t\u00e9cnicos, de comunicaciones u omisiones humanas, causadas por terceros o no imputables al portal. Tampoco responder\u00e1 de los da\u00f1os producidos por ataques inform\u00e1ticos o causados por virus que afecten a programas inform\u00e1ticos, sistemas de comunicaciones o equipos utilizados por la web, pero fabricados o facilitados por un tercero. La C\u00faspide podr\u00e1, a su sola discreci\u00f3n, denegar, retirar, suspender y\/o bloquear en cualquier momento y sin necesidad de previo aviso el acceso a la informaci\u00f3n y servicios a aquellos usuarios que incumplan las presentes normas.<\/p>\n\n\n\n<p>Exceptuando los casos que la Ley imponga expresamente lo contrario, y exclusivamente con la medida y extensi\u00f3n en que lo imponga, la aplicaci\u00f3n no garantiza ni asume responsabilidad alguna respecto a los posibles da\u00f1os y perjuicios causados por el uso y utilizaci\u00f3n de la informaci\u00f3n, datos y servicios de la web.<br>En todo caso, la web excluye cualquier responsabilidad por los da\u00f1os y perjuicios que puedan deberse a la informaci\u00f3n y\/o servicios prestados o suministrados por terceros. Toda la responsabilidad ser\u00e1 del tercero, ya sea proveedor, colaborador u otro.<\/p>\n\n\n\n<p><strong>POL\u00cdTICA DE COOKIES<\/strong><\/p>\n\n\n\n<p>La empresa informa de su pol\u00edtica de cookies, cumpliendo as\u00ed con lo previsto en el art\u00edculo 22.2 de la Ley 34\/2002, de 11 de julio de Servicios de la Sociedad de la Informaci\u00f3n y de Comercio Electr\u00f3nico.<\/p>\n\n\n\n<p>Cookie es un fichero que se descarga en su ordenador al acceder a determinadas p\u00e1ginas web. Las cookies permiten a una p\u00e1gina web, entre otras cosas, almacenar y recuperar informaci\u00f3n sobre los h\u00e1bitos de navegaci\u00f3n de un usuario o de su equipo y, dependiendo de la informaci\u00f3n que contengan y de la forma en que utilice su equipo, pueden utilizarse para reconocer al usuario. El navegador del usuario memoriza cookies en el disco duro solamente durante la sesi\u00f3n actual ocupando un espacio de memoria m\u00ednimo y no perjudicando su ordenador. Las cookies no contienen ninguna clase de informaci\u00f3n personal espec\u00edfica, y la mayor\u00eda de las mismas se borran del disco duro al finalizar la sesi\u00f3n de navegador.<\/p>\n\n\n\n<p>La mayor\u00eda de los navegadores aceptan como est\u00e1ndar a las cookies y, con independencia de las mismas, permiten o impiden en los ajustes de seguridad las cookies temporales o memorizadas.<\/p>\n\n\n\n<p>Sin su consentimiento mediante la activaci\u00f3n de las cookies en su navegador, no se enlazar\u00e1 en las cookies los datos memorizados con sus datos personales proporcionados en el momento del registro o la compra.<\/p>\n\n\n\n<p>El Usuario acepta expresamente, por la utilizaci\u00f3n de esta p\u00e1gina, el tratamiento de la informaci\u00f3n recabada en la forma y con los fines anteriormente mencionados. Y, asimismo, reconoce conocer la posibilidad de rechazar el tratamiento de tales datos o informaci\u00f3n rechazando el uso de Cookies mediante la selecci\u00f3n de la configuraci\u00f3n apropiada a tal fin en su navegador. Si bien esta opci\u00f3n de bloqueo de Cookies en su navegador puede no permitirle el uso pleno de todas las funcionalidades de la web. Puede usted permitir, bloquear o eliminar las cookies instaladas en su equipo mediante la configuraci\u00f3n de las opciones del navegador instalado en su ordenador.<\/p>\n\n\n\n<p><strong>LEGISLACI\u00d3N APLICABLE Y JURISDICCI\u00d3N<\/strong><\/p>\n\n\n\n<p>La relaci\u00f3n entre La C\u00faspide y Usuario se regir\u00e1 por la normativa espa\u00f1ola vigente y cualquier controversia se someter\u00e1 a los Juzgados y tribunales de la ciudad de Madrid.<\/p>","protected":false},"excerpt":{"rendered":"<p>DATOS IDENTIFICATIVOS En cumplimiento con el deber de informaci\u00f3n recogido en art\u00edculo 10 de la Ley 34\/2002, de 11 de&#8230; <span class=\"tst-el-more\"><a href=\"https:\/\/lacuspide.es\/en\/aviso-legal-y-politica-de-privacidad\/\" class=\"tst-label tst-color tst-anima-link\">Read more<\/a><\/span><\/p>","protected":false},"author":1,"featured_media":0,"parent":0,"menu_order":0,"comment_status":"closed","ping_status":"closed","template":"","meta":{"_acf_changed":false,"footnotes":""},"class_list":["post-4797","page","type-page","status-publish","hentry"],"acf":[],"yoast_head":"<!-- This site is optimized with the Yoast SEO plugin v27.0 - https:\/\/yoast.com\/product\/yoast-seo-wordpress\/ -->\n<title>Aviso Legal y Pol\u00edtica de Privacidad - La Cuspide<\/title>\n<meta name=\"robots\" content=\"index, follow, max-snippet:-1, max-image-preview:large, max-video-preview:-1\" \/>\n<link rel=\"canonical\" href=\"https:\/\/lacuspide.es\/en\/aviso-legal-y-politica-de-privacidad\/\" \/>\n<meta property=\"og:locale\" content=\"en_US\" \/>\n<meta property=\"og:type\" content=\"article\" \/>\n<meta property=\"og:title\" content=\"Aviso Legal y Pol\u00edtica de Privacidad - La Cuspide\" \/>\n<meta property=\"og:description\" content=\"DATOS IDENTIFICATIVOS En cumplimiento con el deber de informaci\u00f3n recogido en art\u00edculo 10 de la Ley 34\/2002, de 11 de... Read more\" \/>\n<meta property=\"og:url\" content=\"https:\/\/lacuspide.es\/en\/aviso-legal-y-politica-de-privacidad\/\" \/>\n<meta property=\"og:site_name\" content=\"La Cuspide\" \/>\n<meta property=\"article:publisher\" content=\"https:\/\/m.facebook.com\/restaurantelacuspidemostoles\" \/>\n<meta property=\"article:modified_time\" content=\"2023-02-08T15:19:00+00:00\" \/>\n<meta name=\"twitter:card\" content=\"summary_large_image\" \/>\n<meta name=\"twitter:label1\" content=\"Est. reading time\" \/>\n\t<meta name=\"twitter:data1\" content=\"7 minutes\" \/>\n<script type=\"application\/ld+json\" class=\"yoast-schema-graph\">{\"@context\":\"https:\/\/schema.org\",\"@graph\":[{\"@type\":\"WebPage\",\"@id\":\"https:\/\/lacuspide.es\/aviso-legal-y-politica-de-privacidad\/\",\"url\":\"https:\/\/lacuspide.es\/aviso-legal-y-politica-de-privacidad\/\",\"name\":\"Aviso Legal y Pol\u00edtica de Privacidad - La Cuspide\",\"isPartOf\":{\"@id\":\"https:\/\/lacuspide.es\/#website\"},\"datePublished\":\"2022-04-12T08:04:54+00:00\",\"dateModified\":\"2023-02-08T15:19:00+00:00\",\"breadcrumb\":{\"@id\":\"https:\/\/lacuspide.es\/aviso-legal-y-politica-de-privacidad\/#breadcrumb\"},\"inLanguage\":\"en-US\",\"potentialAction\":[{\"@type\":\"ReadAction\",\"target\":[\"https:\/\/lacuspide.es\/aviso-legal-y-politica-de-privacidad\/\"]}]},{\"@type\":\"BreadcrumbList\",\"@id\":\"https:\/\/lacuspide.es\/aviso-legal-y-politica-de-privacidad\/#breadcrumb\",\"itemListElement\":[{\"@type\":\"ListItem\",\"position\":1,\"name\":\"Portada\",\"item\":\"https:\/\/lacuspide.es\/\"},{\"@type\":\"ListItem\",\"position\":2,\"name\":\"Aviso Legal y Pol\u00edtica de Privacidad\"}]},{\"@type\":\"WebSite\",\"@id\":\"https:\/\/lacuspide.es\/#website\",\"url\":\"https:\/\/lacuspide.es\/\",\"name\":\"La C\u00faspide\",\"description\":\"Restaurante Peruano\",\"publisher\":{\"@id\":\"https:\/\/lacuspide.es\/#organization\"},\"potentialAction\":[{\"@type\":\"SearchAction\",\"target\":{\"@type\":\"EntryPoint\",\"urlTemplate\":\"https:\/\/lacuspide.es\/?s={search_term_string}\"},\"query-input\":{\"@type\":\"PropertyValueSpecification\",\"valueRequired\":true,\"valueName\":\"search_term_string\"}}],\"inLanguage\":\"en-US\"},{\"@type\":\"Organization\",\"@id\":\"https:\/\/lacuspide.es\/#organization\",\"name\":\"La C\u00faspide\",\"url\":\"https:\/\/lacuspide.es\/\",\"logo\":{\"@type\":\"ImageObject\",\"inLanguage\":\"en-US\",\"@id\":\"https:\/\/lacuspide.es\/#\/schema\/logo\/image\/\",\"url\":\"https:\/\/lacuspide.es\/wp-content\/uploads\/2021\/04\/Logotipo-cuspide.png\",\"contentUrl\":\"https:\/\/lacuspide.es\/wp-content\/uploads\/2021\/04\/Logotipo-cuspide.png\",\"width\":2518,\"height\":1207,\"caption\":\"La C\u00faspide\"},\"image\":{\"@id\":\"https:\/\/lacuspide.es\/#\/schema\/logo\/image\/\"},\"sameAs\":[\"https:\/\/m.facebook.com\/restaurantelacuspidemostoles\"]}]}<\/script>\n<!-- \/ Yoast SEO plugin. -->","yoast_head_json":{"title":"Aviso Legal y Pol\u00edtica de Privacidad - La Cuspide","robots":{"index":"index","follow":"follow","max-snippet":"max-snippet:-1","max-image-preview":"max-image-preview:large","max-video-preview":"max-video-preview:-1"},"canonical":"https:\/\/lacuspide.es\/en\/aviso-legal-y-politica-de-privacidad\/","og_locale":"en_US","og_type":"article","og_title":"Aviso Legal y Pol\u00edtica de Privacidad - La Cuspide","og_description":"DATOS IDENTIFICATIVOS En cumplimiento con el deber de informaci\u00f3n recogido en art\u00edculo 10 de la Ley 34\/2002, de 11 de... Read more","og_url":"https:\/\/lacuspide.es\/en\/aviso-legal-y-politica-de-privacidad\/","og_site_name":"La Cuspide","article_publisher":"https:\/\/m.facebook.com\/restaurantelacuspidemostoles","article_modified_time":"2023-02-08T15:19:00+00:00","twitter_card":"summary_large_image","twitter_misc":{"Est. reading time":"7 minutes"},"schema":{"@context":"https:\/\/schema.org","@graph":[{"@type":"WebPage","@id":"https:\/\/lacuspide.es\/aviso-legal-y-politica-de-privacidad\/","url":"https:\/\/lacuspide.es\/aviso-legal-y-politica-de-privacidad\/","name":"Aviso Legal y Pol\u00edtica de Privacidad - La Cuspide","isPartOf":{"@id":"https:\/\/lacuspide.es\/#website"},"datePublished":"2022-04-12T08:04:54+00:00","dateModified":"2023-02-08T15:19:00+00:00","breadcrumb":{"@id":"https:\/\/lacuspide.es\/aviso-legal-y-politica-de-privacidad\/#breadcrumb"},"inLanguage":"en-US","potentialAction":[{"@type":"ReadAction","target":["https:\/\/lacuspide.es\/aviso-legal-y-politica-de-privacidad\/"]}]},{"@type":"BreadcrumbList","@id":"https:\/\/lacuspide.es\/aviso-legal-y-politica-de-privacidad\/#breadcrumb","itemListElement":[{"@type":"ListItem","position":1,"name":"Portada","item":"https:\/\/lacuspide.es\/"},{"@type":"ListItem","position":2,"name":"Aviso Legal y Pol\u00edtica de Privacidad"}]},{"@type":"WebSite","@id":"https:\/\/lacuspide.es\/#website","url":"https:\/\/lacuspide.es\/","name":"La C\u00faspide","description":"Restaurante Peruano","publisher":{"@id":"https:\/\/lacuspide.es\/#organization"},"potentialAction":[{"@type":"SearchAction","target":{"@type":"EntryPoint","urlTemplate":"https:\/\/lacuspide.es\/?s={search_term_string}"},"query-input":{"@type":"PropertyValueSpecification","valueRequired":true,"valueName":"search_term_string"}}],"inLanguage":"en-US"},{"@type":"Organization","@id":"https:\/\/lacuspide.es\/#organization","name":"La C\u00faspide","url":"https:\/\/lacuspide.es\/","logo":{"@type":"ImageObject","inLanguage":"en-US","@id":"https:\/\/lacuspide.es\/#\/schema\/logo\/image\/","url":"https:\/\/lacuspide.es\/wp-content\/uploads\/2021\/04\/Logotipo-cuspide.png","contentUrl":"https:\/\/lacuspide.es\/wp-content\/uploads\/2021\/04\/Logotipo-cuspide.png","width":2518,"height":1207,"caption":"La C\u00faspide"},"image":{"@id":"https:\/\/lacuspide.es\/#\/schema\/logo\/image\/"},"sameAs":["https:\/\/m.facebook.com\/restaurantelacuspidemostoles"]}]}},"_links":{"self":[{"href":"https:\/\/lacuspide.es\/en\/wp-json\/wp\/v2\/pages\/4797","targetHints":{"allow":["GET"]}}],"collection":[{"href":"https:\/\/lacuspide.es\/en\/wp-json\/wp\/v2\/pages"}],"about":[{"href":"https:\/\/lacuspide.es\/en\/wp-json\/wp\/v2\/types\/page"}],"author":[{"embeddable":true,"href":"https:\/\/lacuspide.es\/en\/wp-json\/wp\/v2\/users\/1"}],"replies":[{"embeddable":true,"href":"https:\/\/lacuspide.es\/en\/wp-json\/wp\/v2\/comments?post=4797"}],"version-history":[{"count":1,"href":"https:\/\/lacuspide.es\/en\/wp-json\/wp\/v2\/pages\/4797\/revisions"}],"predecessor-version":[{"id":4798,"href":"https:\/\/lacuspide.es\/en\/wp-json\/wp\/v2\/pages\/4797\/revisions\/4798"}],"wp:attachment":[{"href":"https:\/\/lacuspide.es\/en\/wp-json\/wp\/v2\/media?parent=4797"}],"curies":[{"name":"wp","href":"https:\/\/api.w.org\/{rel}","templated":true}]}}